{"id":10058,"date":"2023-09-28T16:14:43","date_gmt":"2023-09-28T14:14:43","guid":{"rendered":"https:\/\/imtspa.com\/contacts-copy\/"},"modified":"2023-10-02T17:01:58","modified_gmt":"2023-10-02T15:01:58","slug":"contactos-revendedores","status":"publish","type":"page","link":"https:\/\/imtspa.com\/es\/contactos-revendedores\/","title":{"rendered":"Contactos Revendedores"},"content":{"rendered":"\t\t<div data-elementor-type=\"wp-post\" data-elementor-id=\"10058\" class=\"elementor elementor-10058\" data-elementor-post-type=\"page\">\n\t\t\t\t\t\t<section class=\"elementor-section elementor-top-section elementor-element elementor-element-72183b3e elementor-section-full_width elementor-section-height-min-height elementor-section-items-top elementor-section-content-middle elementor-section-stretched elementor-section-height-default\" data-id=\"72183b3e\" data-element_type=\"section\" data-settings=\"{&quot;stretch_section&quot;:&quot;section-stretched&quot;,&quot;background_background&quot;:&quot;classic&quot;}\">\n\t\t\t\t\t\t<div class=\"elementor-container elementor-column-gap-default\">\n\t\t\t\t\t<div class=\"elementor-column elementor-col-100 elementor-top-column elementor-element elementor-element-58d39b09\" data-id=\"58d39b09\" data-element_type=\"column\">\n\t\t\t<div class=\"elementor-widget-wrap elementor-element-populated\">\n\t\t\t\t\t\t<section class=\"elementor-section elementor-inner-section elementor-element elementor-element-1f08c904 elementor-section-boxed elementor-section-height-default elementor-section-height-default\" data-id=\"1f08c904\" data-element_type=\"section\">\n\t\t\t\t\t\t<div class=\"elementor-container elementor-column-gap-default\">\n\t\t\t\t\t<div class=\"elementor-column elementor-col-100 elementor-inner-column elementor-element elementor-element-60800925\" data-id=\"60800925\" data-element_type=\"column\">\n\t\t\t<div class=\"elementor-widget-wrap elementor-element-populated\">\n\t\t\t\t\t\t<div class=\"elementor-element elementor-element-2fa4e497 elementor-widget__width-auto elementor-widget elementor-widget-breadcrumbs\" data-id=\"2fa4e497\" data-element_type=\"widget\" data-widget_type=\"breadcrumbs.default\">\n\t\t\t\t<div class=\"elementor-widget-container\">\n\t\t\t<p id=\"breadcrumbs\"><span><span><a href=\"https:\/\/imtspa.com\/es\/home\/\">Home<\/a><\/span><\/span><\/p>\t\t<\/div>\n\t\t\t\t<\/div>\n\t\t\t\t<div class=\"elementor-element elementor-element-7b02a90d elementor-widget__width-auto elementor-widget elementor-widget-text-editor\" data-id=\"7b02a90d\" data-element_type=\"widget\" data-widget_type=\"text-editor.default\">\n\t\t\t\t<div class=\"elementor-widget-container\">\n\t\t\t\t\t\t\t<p><a href=\"http:\/\/imtspa.com\/contacts\/\">Contact Us<\/a><\/p>\t\t\t\t\t\t<\/div>\n\t\t\t\t<\/div>\n\t\t\t\t\t<\/div>\n\t\t<\/div>\n\t\t\t\t\t<\/div>\n\t\t<\/section>\n\t\t\t\t\t<\/div>\n\t\t<\/div>\n\t\t\t\t\t<\/div>\n\t\t<\/section>\n\t\t\t\t<section class=\"elementor-section elementor-top-section elementor-element elementor-element-5dbca897 elementor-hidden-tablet elementor-hidden-mobile elementor-section-boxed elementor-section-height-default elementor-section-height-default\" data-id=\"5dbca897\" data-element_type=\"section\">\n\t\t\t\t\t\t<div class=\"elementor-container elementor-column-gap-default\">\n\t\t\t\t\t<div class=\"elementor-column elementor-col-50 elementor-top-column elementor-element elementor-element-721f6d6\" data-id=\"721f6d6\" data-element_type=\"column\" data-settings=\"{&quot;background_background&quot;:&quot;classic&quot;}\">\n\t\t\t<div class=\"elementor-widget-wrap\">\n\t\t\t\t\t\t\t<\/div>\n\t\t<\/div>\n\t\t\t\t<div class=\"elementor-column elementor-col-50 elementor-top-column elementor-element elementor-element-5d41f802\" data-id=\"5d41f802\" data-element_type=\"column\">\n\t\t\t<div class=\"elementor-widget-wrap\">\n\t\t\t\t\t\t\t<\/div>\n\t\t<\/div>\n\t\t\t\t\t<\/div>\n\t\t<\/section>\n\t\t\t\t<section class=\"elementor-section elementor-top-section elementor-element elementor-element-60455665 elementor-section-boxed elementor-section-height-default elementor-section-height-default\" data-id=\"60455665\" data-element_type=\"section\">\n\t\t\t\t\t\t<div class=\"elementor-container elementor-column-gap-default\">\n\t\t\t\t\t<div class=\"elementor-column elementor-col-50 elementor-top-column elementor-element elementor-element-69485fda\" data-id=\"69485fda\" data-element_type=\"column\" data-settings=\"{&quot;background_background&quot;:&quot;classic&quot;}\">\n\t\t\t<div class=\"elementor-widget-wrap elementor-element-populated\">\n\t\t\t\t\t\t<div class=\"elementor-element elementor-element-c07bc81 elementor-widget elementor-widget-heading\" data-id=\"c07bc81\" data-element_type=\"widget\" data-widget_type=\"heading.default\">\n\t\t\t\t<div class=\"elementor-widget-container\">\n\t\t\t<h4 class=\"elementor-heading-title elementor-size-default\">IMPORTANTE:<\/h4>\t\t<\/div>\n\t\t\t\t<\/div>\n\t\t\t\t<div class=\"elementor-element elementor-element-7d74b792 elementor-widget elementor-widget-text-editor\" data-id=\"7d74b792\" data-element_type=\"widget\" data-widget_type=\"text-editor.default\">\n\t\t\t\t<div class=\"elementor-widget-container\">\n\t\t\t\t\t\t\t<p style=\"text-align: justify;\">Estamos buscando y seleccionando un nuevo distribuidor de <strong>IMT<\/strong> para <strong>Espa\u00f1a<\/strong>, que se encargar\u00e1 de la b\u00fasqueda de clientes, la distribuci\u00f3n y el servicio posventa en el territorio.<\/p>\n<p style=\"text-align: justify;\">Si desea m\u00e1s informaci\u00f3n sobre esta oportunidad, p\u00f3ngase en contacto con nosotros a trav\u00e9s del siguiente formulario.<\/p>\t\t\t\t\t\t<\/div>\n\t\t\t\t<\/div>\n\t\t\t\t\t<\/div>\n\t\t<\/div>\n\t\t\t\t<div class=\"elementor-column elementor-col-50 elementor-top-column elementor-element elementor-element-7b73738a\" data-id=\"7b73738a\" data-element_type=\"column\" data-settings=\"{&quot;background_background&quot;:&quot;classic&quot;}\">\n\t\t\t<div class=\"elementor-widget-wrap elementor-element-populated\">\n\t\t\t\t\t\t<div class=\"elementor-element elementor-element-71a68af elementor-widget elementor-widget-html\" data-id=\"71a68af\" data-element_type=\"widget\" data-widget_type=\"html.default\">\n\t\t\t\t<div class=\"elementor-widget-container\">\n\t\t\t<div class=\"AW-Form-255096615\"><\/div>\n\n<script type=\"text\/javascript\">(function(d, s, id) {\n\n    var js, fjs = d.getElementsByTagName(s)[0];\n\n    if (d.getElementById(id)) return;\n\n    js = d.createElement(s); js.id = id;\n\n    js.src = \"\/\/forms.aweber.com\/form\/15\/255096615.js\";\n\n    fjs.parentNode.insertBefore(js, fjs);\n\n    }(document, \"script\", \"aweber-wjs-9dwl2pm2j\"));\n\n<\/script>\t\t<\/div>\n\t\t\t\t<\/div>\n\t\t\t\t\t<\/div>\n\t\t<\/div>\n\t\t\t\t\t<\/div>\n\t\t<\/section>\n\t\t\t\t<section class=\"elementor-section elementor-top-section elementor-element elementor-element-f2a1858 elementor-section-boxed elementor-section-height-default elementor-section-height-default\" data-id=\"f2a1858\" data-element_type=\"section\">\n\t\t\t\t\t\t<div class=\"elementor-container elementor-column-gap-default\">\n\t\t\t\t\t<div class=\"elementor-column elementor-col-100 elementor-top-column elementor-element elementor-element-1be3bb23\" data-id=\"1be3bb23\" data-element_type=\"column\" data-settings=\"{&quot;background_background&quot;:&quot;classic&quot;}\">\n\t\t\t<div class=\"elementor-widget-wrap elementor-element-populated\">\n\t\t\t\t\t\t<div class=\"elementor-element elementor-element-6663e18c elementor-widget elementor-widget-spacer\" data-id=\"6663e18c\" data-element_type=\"widget\" data-widget_type=\"spacer.default\">\n\t\t\t\t<div class=\"elementor-widget-container\">\n\t\t\t\t\t<div class=\"elementor-spacer\">\n\t\t\t<div class=\"elementor-spacer-inner\"><\/div>\n\t\t<\/div>\n\t\t\t\t<\/div>\n\t\t\t\t<\/div>\n\t\t\t\t\t<\/div>\n\t\t<\/div>\n\t\t\t\t\t<\/div>\n\t\t<\/section>\n\t\t\t\t<\/div>\n\t\t","protected":false},"excerpt":{"rendered":"<p>Contact Us IMPORTANTE: Estamos buscando y seleccionando un nuevo distribuidor de IMT para Espa\u00f1a, que se encargar\u00e1 de la b\u00fasqueda de clientes, la distribuci\u00f3n y el servicio posventa en el territorio. Si desea m\u00e1s informaci\u00f3n sobre esta oportunidad, p\u00f3ngase en contacto con nosotros a trav\u00e9s del siguiente formulario.<\/p>\n","protected":false},"author":2,"featured_media":0,"parent":0,"menu_order":0,"comment_status":"closed","ping_status":"closed","template":"","meta":{"footnotes":""},"class_list":["post-10058","page","type-page","status-publish","hentry"],"yoast_head":"<!-- This site is optimized with the Yoast SEO plugin v27.4 - https:\/\/yoast.com\/product\/yoast-seo-wordpress\/ -->\n<title>Contactos Revendedores | IMT SPA<\/title>\n<meta name=\"robots\" content=\"index, follow, max-snippet:-1, max-image-preview:large, max-video-preview:-1\" \/>\n<link rel=\"canonical\" href=\"https:\/\/imtspa.com\/es\/contactos-revendedores\/\" \/>\n<meta property=\"og:locale\" content=\"es_ES\" \/>\n<meta property=\"og:type\" content=\"article\" \/>\n<meta property=\"og:title\" content=\"Contactos Revendedores | IMT SPA\" \/>\n<meta property=\"og:description\" content=\"Contact Us IMPORTANTE: Estamos buscando y seleccionando un nuevo distribuidor de IMT para Espa\u00f1a, que se encargar\u00e1 de la b\u00fasqueda de clientes, la distribuci\u00f3n y el servicio posventa en el territorio. Si desea m\u00e1s informaci\u00f3n sobre esta oportunidad, p\u00f3ngase en contacto con nosotros a trav\u00e9s del siguiente formulario.\" \/>\n<meta property=\"og:url\" content=\"https:\/\/imtspa.com\/es\/contactos-revendedores\/\" \/>\n<meta property=\"og:site_name\" content=\"IMT SPA\" \/>\n<meta property=\"article:publisher\" content=\"https:\/\/www.facebook.com\/imtsrl\/\" \/>\n<meta property=\"article:modified_time\" content=\"2023-10-02T15:01:58+00:00\" \/>\n<meta property=\"og:image\" content=\"https:\/\/imtspa.com\/wp-content\/uploads\/2022\/09\/imt-industria-meccanica-trivelle-drill-rigs-drilling-machines-products-utensili-generic2.jpg\" \/>\n\t<meta property=\"og:image:width\" content=\"800\" \/>\n\t<meta property=\"og:image:height\" content=\"700\" \/>\n\t<meta property=\"og:image:type\" content=\"image\/jpeg\" \/>\n<meta name=\"twitter:card\" content=\"summary_large_image\" \/>\n<meta name=\"twitter:label1\" content=\"Tiempo de lectura\" \/>\n\t<meta name=\"twitter:data1\" content=\"1 minuto\" \/>\n<script type=\"application\/ld+json\" class=\"yoast-schema-graph\">{\"@context\":\"https:\\\/\\\/schema.org\",\"@graph\":[{\"@type\":\"WebPage\",\"@id\":\"https:\\\/\\\/imtspa.com\\\/es\\\/contactos-revendedores\\\/\",\"url\":\"https:\\\/\\\/imtspa.com\\\/es\\\/contactos-revendedores\\\/\",\"name\":\"Contactos Revendedores | IMT SPA\",\"isPartOf\":{\"@id\":\"https:\\\/\\\/imtspa.com\\\/#website\"},\"datePublished\":\"2023-09-28T14:14:43+00:00\",\"dateModified\":\"2023-10-02T15:01:58+00:00\",\"breadcrumb\":{\"@id\":\"https:\\\/\\\/imtspa.com\\\/es\\\/contactos-revendedores\\\/#breadcrumb\"},\"inLanguage\":\"es\",\"potentialAction\":[{\"@type\":\"ReadAction\",\"target\":[\"https:\\\/\\\/imtspa.com\\\/es\\\/contactos-revendedores\\\/\"]}]},{\"@type\":\"BreadcrumbList\",\"@id\":\"https:\\\/\\\/imtspa.com\\\/es\\\/contactos-revendedores\\\/#breadcrumb\",\"itemListElement\":[{\"@type\":\"ListItem\",\"position\":1,\"name\":\"Home\",\"item\":\"https:\\\/\\\/imtspa.com\\\/es\\\/home\\\/\"},{\"@type\":\"ListItem\",\"position\":2,\"name\":\"Contactos Revendedores\"}]},{\"@type\":\"WebSite\",\"@id\":\"https:\\\/\\\/imtspa.com\\\/#website\",\"url\":\"https:\\\/\\\/imtspa.com\\\/\",\"name\":\"IMT SPA\",\"description\":\"\",\"publisher\":{\"@id\":\"https:\\\/\\\/imtspa.com\\\/#organization\"},\"potentialAction\":[{\"@type\":\"SearchAction\",\"target\":{\"@type\":\"EntryPoint\",\"urlTemplate\":\"https:\\\/\\\/imtspa.com\\\/?s={search_term_string}\"},\"query-input\":{\"@type\":\"PropertyValueSpecification\",\"valueRequired\":true,\"valueName\":\"search_term_string\"}}],\"inLanguage\":\"es\"},{\"@type\":\"Organization\",\"@id\":\"https:\\\/\\\/imtspa.com\\\/#organization\",\"name\":\"IMT SPA\",\"url\":\"https:\\\/\\\/imtspa.com\\\/\",\"logo\":{\"@type\":\"ImageObject\",\"inLanguage\":\"es\",\"@id\":\"https:\\\/\\\/imtspa.com\\\/#\\\/schema\\\/logo\\\/image\\\/\",\"url\":\"https:\\\/\\\/imtspa.com\\\/wp-content\\\/uploads\\\/2022\\\/09\\\/imt-industria-meccanica-trivelle-drill-piling-rigs-osimo-ancona-italia-logo-site.png\",\"contentUrl\":\"https:\\\/\\\/imtspa.com\\\/wp-content\\\/uploads\\\/2022\\\/09\\\/imt-industria-meccanica-trivelle-drill-piling-rigs-osimo-ancona-italia-logo-site.png\",\"width\":426,\"height\":170,\"caption\":\"IMT SPA\"},\"image\":{\"@id\":\"https:\\\/\\\/imtspa.com\\\/#\\\/schema\\\/logo\\\/image\\\/\"},\"sameAs\":[\"https:\\\/\\\/www.facebook.com\\\/imtsrl\\\/\",\"https:\\\/\\\/www.instagram.com\\\/imtsrl\\\/\",\"https:\\\/\\\/it.linkedin.com\\\/company\\\/imtsrl\"]}]}<\/script>\n<!-- \/ Yoast SEO plugin. -->","yoast_head_json":{"title":"Contactos Revendedores | IMT SPA","robots":{"index":"index","follow":"follow","max-snippet":"max-snippet:-1","max-image-preview":"max-image-preview:large","max-video-preview":"max-video-preview:-1"},"canonical":"https:\/\/imtspa.com\/es\/contactos-revendedores\/","og_locale":"es_ES","og_type":"article","og_title":"Contactos Revendedores | IMT SPA","og_description":"Contact Us IMPORTANTE: Estamos buscando y seleccionando un nuevo distribuidor de IMT para Espa\u00f1a, que se encargar\u00e1 de la b\u00fasqueda de clientes, la distribuci\u00f3n y el servicio posventa en el territorio. Si desea m\u00e1s informaci\u00f3n sobre esta oportunidad, p\u00f3ngase en contacto con nosotros a trav\u00e9s del siguiente formulario.","og_url":"https:\/\/imtspa.com\/es\/contactos-revendedores\/","og_site_name":"IMT SPA","article_publisher":"https:\/\/www.facebook.com\/imtsrl\/","article_modified_time":"2023-10-02T15:01:58+00:00","og_image":[{"width":800,"height":700,"url":"https:\/\/imtspa.com\/wp-content\/uploads\/2022\/09\/imt-industria-meccanica-trivelle-drill-rigs-drilling-machines-products-utensili-generic2.jpg","type":"image\/jpeg"}],"twitter_card":"summary_large_image","twitter_misc":{"Tiempo de lectura":"1 minuto"},"schema":{"@context":"https:\/\/schema.org","@graph":[{"@type":"WebPage","@id":"https:\/\/imtspa.com\/es\/contactos-revendedores\/","url":"https:\/\/imtspa.com\/es\/contactos-revendedores\/","name":"Contactos Revendedores | IMT SPA","isPartOf":{"@id":"https:\/\/imtspa.com\/#website"},"datePublished":"2023-09-28T14:14:43+00:00","dateModified":"2023-10-02T15:01:58+00:00","breadcrumb":{"@id":"https:\/\/imtspa.com\/es\/contactos-revendedores\/#breadcrumb"},"inLanguage":"es","potentialAction":[{"@type":"ReadAction","target":["https:\/\/imtspa.com\/es\/contactos-revendedores\/"]}]},{"@type":"BreadcrumbList","@id":"https:\/\/imtspa.com\/es\/contactos-revendedores\/#breadcrumb","itemListElement":[{"@type":"ListItem","position":1,"name":"Home","item":"https:\/\/imtspa.com\/es\/home\/"},{"@type":"ListItem","position":2,"name":"Contactos Revendedores"}]},{"@type":"WebSite","@id":"https:\/\/imtspa.com\/#website","url":"https:\/\/imtspa.com\/","name":"IMT SPA","description":"","publisher":{"@id":"https:\/\/imtspa.com\/#organization"},"potentialAction":[{"@type":"SearchAction","target":{"@type":"EntryPoint","urlTemplate":"https:\/\/imtspa.com\/?s={search_term_string}"},"query-input":{"@type":"PropertyValueSpecification","valueRequired":true,"valueName":"search_term_string"}}],"inLanguage":"es"},{"@type":"Organization","@id":"https:\/\/imtspa.com\/#organization","name":"IMT SPA","url":"https:\/\/imtspa.com\/","logo":{"@type":"ImageObject","inLanguage":"es","@id":"https:\/\/imtspa.com\/#\/schema\/logo\/image\/","url":"https:\/\/imtspa.com\/wp-content\/uploads\/2022\/09\/imt-industria-meccanica-trivelle-drill-piling-rigs-osimo-ancona-italia-logo-site.png","contentUrl":"https:\/\/imtspa.com\/wp-content\/uploads\/2022\/09\/imt-industria-meccanica-trivelle-drill-piling-rigs-osimo-ancona-italia-logo-site.png","width":426,"height":170,"caption":"IMT SPA"},"image":{"@id":"https:\/\/imtspa.com\/#\/schema\/logo\/image\/"},"sameAs":["https:\/\/www.facebook.com\/imtsrl\/","https:\/\/www.instagram.com\/imtsrl\/","https:\/\/it.linkedin.com\/company\/imtsrl"]}]}},"_links":{"self":[{"href":"https:\/\/imtspa.com\/es\/wp-json\/wp\/v2\/pages\/10058","targetHints":{"allow":["GET"]}}],"collection":[{"href":"https:\/\/imtspa.com\/es\/wp-json\/wp\/v2\/pages"}],"about":[{"href":"https:\/\/imtspa.com\/es\/wp-json\/wp\/v2\/types\/page"}],"author":[{"embeddable":true,"href":"https:\/\/imtspa.com\/es\/wp-json\/wp\/v2\/users\/2"}],"replies":[{"embeddable":true,"href":"https:\/\/imtspa.com\/es\/wp-json\/wp\/v2\/comments?post=10058"}],"version-history":[{"count":0,"href":"https:\/\/imtspa.com\/es\/wp-json\/wp\/v2\/pages\/10058\/revisions"}],"wp:attachment":[{"href":"https:\/\/imtspa.com\/es\/wp-json\/wp\/v2\/media?parent=10058"}],"curies":[{"name":"wp","href":"https:\/\/api.w.org\/{rel}","templated":true}]}}